{"id":2,"date":"2010-08-20T15:47:44","date_gmt":"2010-08-20T13:47:44","guid":{"rendered":"http:\/\/www.kaouet.com\/leblog\/?page_id=2"},"modified":"2017-09-28T10:11:25","modified_gmt":"2017-09-28T08:11:25","slug":"a-propos","status":"publish","type":"page","link":"http:\/\/www.kaouet.com\/leblog\/?page_id=2","title":{"rendered":"\u00c0 propos du blog"},"content":{"rendered":"<p style=\"text-align: left;\"><strong><span style=\"color: #800080;\">Bonjour et bienvenue !<\/span><\/strong><\/p>\n<p style=\"text-align: left;\">J&rsquo;ai ouvert un blog il y a fort longtemps,<span style=\"color: #800080;\"><span style=\"color: #ff6600;\"> vers <\/span><span style=\"color: #000000;\"><span style=\"color: #ff6600;\">2003 ou 2004<\/span> (sur 20six<\/span><\/span><span style=\"color: #000000;\">, pour dire !)<\/span><br \/>\nC&rsquo;est ce qui m&rsquo;a permis de reprendre le dessin alors que j&rsquo;\u00e9tais engag\u00e9e dans une formation<br \/>\nen Arts &amp; Technologies de l&rsquo;Image (\u00e0 Paris 8) sans trop savoir si \u00e7a me convenait bien&#8230;<br \/>\nGr\u00e2ce au blog, j&rsquo;ai rencontr\u00e9 <span style=\"color: #ff6600;\">des gens talentueux <\/span><span style=\"color: #ff6600;\">et sympathiques <\/span>qui sont devenus des amis. Avec certains, des projets se sont mont\u00e9s comme une association et des productions de fanzines et d&rsquo;ouvrages collectifs.\u00a0 De r\u00e9alisations en participations diverses,<br \/>\npetit \u00e0 petit je suis devenue <span style=\"color: #ff6600;\">illustratrice.<\/span><br \/>\n(je la fais courte, c&rsquo;est quand m\u00eame pas mal de doutes et d&rsquo;obstacles, hein).<\/p>\n<p style=\"text-align: left;\">L\u00e0, c&rsquo;est le deuxi\u00e8me blog. Il y a eu une p\u00e9riode creuse.<br \/>\n<span style=\"color: #993366;\">\u00a0<\/span><br \/>\n<span style=\"color: #993366;\"><strong>Je poste ici<\/strong> <\/span>: extraits de travaux, croquis, petites notes d&rsquo;humeur (avec ou sans chat),<br \/>\nretours sur les ateliers que j&rsquo;anime, et des infos sur mes publications et commandes&#8230;<\/p>\n<p style=\"text-align: left;\"><strong>Quelques liens :<\/strong><strong><\/p>\n<p>\u2022 <a href=\"http:\/\/kaouet.ultra-book.com\/\" target=\"_blank\" rel=\"noopener\">BOOK<\/a> \u2022 <\/strong>R\u00e9alisation de commandes : presse, communication institutionnelle&#8230;<br \/>\n<strong>\u2022 <a href=\"http:\/\/www.kaouet.com\/leblog\/?page_id=20http:\/\/\" target=\"_blank\" rel=\"noopener\">SHOP <\/a>\u2022 <\/strong>Si vous aimez ce que je fais, et que vous souhaitez acqu\u00e9rir un dessin r\u00e9alis\u00e9 avec mes petites mains.<br \/>\n<strong>\u2022 <span style=\"color: #800080;\">CONTACT<\/span> :<\/strong> <span style=\"color: #808080;\">kaouet.blog[at]gmail.com <span style=\"color: #000000;\">(ou via le formulaire de contact)<\/span><br \/>\n<\/span><\/p>\n<p style=\"text-align: center;\">Vous pouvez aussi me retrouver sur les r\u00e9seaux sociaux :<br \/>\n<strong> <a href=\"https:\/\/www.facebook.com\/Kaouet.Illustratrice\/\">page FB\u00a0 <\/a>\u2022\u00a0 <a href=\"https:\/\/twitter.com\/Kaouet_\">Twitter<\/a>\u00a0 \u2022\u00a0 <a href=\"https:\/\/www.instagram.com\/celine_penot\/\">Instagram<\/a><\/strong><\/p>\n<p style=\"text-align: center;\"><span style=\"color: #800080;\"><strong>Bonne visite, bonne lecture.<\/strong><\/span><br \/>\nSinon, bonne continuation du truc que vous faisiez avant d&rsquo;arriver ici \ud83d\ude42<\/p>\n<p><span style=\"border-radius: 2px; text-indent: 20px; width: auto; padding: 0px 4px 0px 0px; text-align: center; font: bold 11px\/20px 'Helvetica Neue',Helvetica,sans-serif; color: #ffffff; background: #bd081c no-repeat scroll 3px 50% \/ 14px 14px; position: absolute; opacity: 1; z-index: 8675309; display: none; cursor: pointer; top: 276px; left: 20px;\">Enregistrer<\/span><\/p>\n","protected":false},"excerpt":{"rendered":"<p>Bonjour et bienvenue ! J&rsquo;ai ouvert un blog il y a fort longtemps, vers 2003 ou 2004 (sur 20six, pour dire !) C&rsquo;est ce qui m&rsquo;a permis de reprendre le dessin alors que j&rsquo;\u00e9tais engag\u00e9e dans une formation en Arts &hellip; <a href=\"http:\/\/www.kaouet.com\/leblog\/?page_id=2\">Continuer la lecture <span class=\"meta-nav\">&rarr;<\/span><\/a><\/p>\n","protected":false},"author":1,"featured_media":0,"parent":0,"menu_order":0,"comment_status":"closed","ping_status":"open","template":"","meta":{"_monsterinsights_skip_tracking":false,"_monsterinsights_sitenote_active":false,"_monsterinsights_sitenote_note":"","_monsterinsights_sitenote_category":0,"footnotes":""},"class_list":["post-2","page","type-page","status-publish","hentry"],"_links":{"self":[{"href":"http:\/\/www.kaouet.com\/leblog\/index.php?rest_route=\/wp\/v2\/pages\/2","targetHints":{"allow":["GET"]}}],"collection":[{"href":"http:\/\/www.kaouet.com\/leblog\/index.php?rest_route=\/wp\/v2\/pages"}],"about":[{"href":"http:\/\/www.kaouet.com\/leblog\/index.php?rest_route=\/wp\/v2\/types\/page"}],"author":[{"embeddable":true,"href":"http:\/\/www.kaouet.com\/leblog\/index.php?rest_route=\/wp\/v2\/users\/1"}],"replies":[{"embeddable":true,"href":"http:\/\/www.kaouet.com\/leblog\/index.php?rest_route=%2Fwp%2Fv2%2Fcomments&post=2"}],"version-history":[{"count":23,"href":"http:\/\/www.kaouet.com\/leblog\/index.php?rest_route=\/wp\/v2\/pages\/2\/revisions"}],"predecessor-version":[{"id":1607,"href":"http:\/\/www.kaouet.com\/leblog\/index.php?rest_route=\/wp\/v2\/pages\/2\/revisions\/1607"}],"wp:attachment":[{"href":"http:\/\/www.kaouet.com\/leblog\/index.php?rest_route=%2Fwp%2Fv2%2Fmedia&parent=2"}],"curies":[{"name":"wp","href":"https:\/\/api.w.org\/{rel}","templated":true}]}}