{"id":34,"date":"2010-10-24T22:13:37","date_gmt":"2010-10-24T20:13:37","guid":{"rendered":"http:\/\/www.kaouet.com\/leblog\/?page_id=34"},"modified":"2019-12-26T19:24:22","modified_gmt":"2019-12-26T18:24:22","slug":"contact","status":"publish","type":"page","link":"http:\/\/www.kaouet.com\/leblog\/?page_id=34","title":{"rendered":"Contact"},"content":{"rendered":"<p>Des questions ? Une commande d&rsquo;illustration ?<br \/>\nUn scenario ou un projet \u00e0 me proposer ? Un petit mot ?<\/p>\n<p>Remplissez le formulaire ci-dessous,<br \/>\nmerci ; je r\u00e9pondrai \u00e0 votre requ\u00eate dans les plus brefs d\u00e9lais.<\/p>\n<div class=\"wpforms-container wpforms-container-full\" id=\"wpforms-1929\"><form id=\"wpforms-form-1929\" class=\"wpforms-validate wpforms-form\" data-formid=\"1929\" method=\"post\" enctype=\"multipart\/form-data\" action=\"\/leblog\/index.php?rest_route=%2Fwp%2Fv2%2Fpages%2F34\" data-token=\"c68f70d4b2a3275e0f79d91fa6095902\" data-token-time=\"1777903481\"><noscript class=\"wpforms-error-noscript\">Veuillez activer JavaScript dans votre navigateur pour remplir ce formulaire.<\/noscript><div class=\"wpforms-field-container\"><div id=\"wpforms-1929-field_0-container\" class=\"wpforms-field wpforms-field-name\" data-field-id=\"0\"><label class=\"wpforms-field-label\">Nom <span class=\"wpforms-required-label\">*<\/span><\/label><div class=\"wpforms-field-row wpforms-field-medium\"><div class=\"wpforms-field-row-block wpforms-first wpforms-one-half\"><input type=\"text\" id=\"wpforms-1929-field_0\" class=\"wpforms-field-name-first wpforms-field-required\" name=\"wpforms[fields][0][first]\" required><label for=\"wpforms-1929-field_0\" class=\"wpforms-field-sublabel after\">Pr\u00e9nom<\/label><\/div><div class=\"wpforms-field-row-block wpforms-one-half\"><input type=\"text\" id=\"wpforms-1929-field_0-last\" class=\"wpforms-field-name-last wpforms-field-required\" name=\"wpforms[fields][0][last]\" required><label for=\"wpforms-1929-field_0-last\" class=\"wpforms-field-sublabel after\">Nom<\/label><\/div><\/div><\/div><div id=\"wpforms-1929-field_1-container\" class=\"wpforms-field wpforms-field-email\" data-field-id=\"1\"><label class=\"wpforms-field-label\" for=\"wpforms-1929-field_1\">E-mail <span class=\"wpforms-required-label\">*<\/span><\/label><input type=\"email\" id=\"wpforms-1929-field_1\" class=\"wpforms-field-medium wpforms-field-required\" name=\"wpforms[fields][1]\" spellcheck=\"false\" required><\/div><div id=\"wpforms-1929-field_3-container\" class=\"wpforms-field wpforms-field-radio\" data-field-id=\"3\"><label class=\"wpforms-field-label\">Objet :<\/label><ul id=\"wpforms-1929-field_3\"><li class=\"choice-1 depth-1\"><input type=\"radio\" id=\"wpforms-1929-field_3_1\" name=\"wpforms[fields][3]\" value=\"Commande\"  ><label class=\"wpforms-field-label-inline\" for=\"wpforms-1929-field_3_1\">Commande<\/label><\/li><li class=\"choice-2 depth-1\"><input type=\"radio\" id=\"wpforms-1929-field_3_2\" name=\"wpforms[fields][3]\" value=\"Proposition \/ Collaboration\"  ><label class=\"wpforms-field-label-inline\" for=\"wpforms-1929-field_3_2\">Proposition \/ Collaboration<\/label><\/li><li class=\"choice-3 depth-1\"><input type=\"radio\" id=\"wpforms-1929-field_3_3\" name=\"wpforms[fields][3]\" value=\"Question\"  ><label class=\"wpforms-field-label-inline\" for=\"wpforms-1929-field_3_3\">Question<\/label><\/li><li class=\"choice-4 depth-1\"><input type=\"radio\" id=\"wpforms-1929-field_3_4\" name=\"wpforms[fields][3]\" value=\"Autre\"  ><label class=\"wpforms-field-label-inline\" for=\"wpforms-1929-field_3_4\">Autre<\/label><\/li><\/ul><\/div><div id=\"wpforms-1929-field_2-container\" class=\"wpforms-field wpforms-field-textarea\" data-field-id=\"2\"><label class=\"wpforms-field-label\" for=\"wpforms-1929-field_2\">Commentaire ou message <span class=\"wpforms-required-label\">*<\/span><\/label><textarea id=\"wpforms-1929-field_2\" class=\"wpforms-field-medium wpforms-field-required\" name=\"wpforms[fields][2]\" required><\/textarea><\/div><\/div><!-- .wpforms-field-container --><div class=\"wpforms-field wpforms-field-hp\"><label for=\"wpforms-1929-field-hp\" class=\"wpforms-field-label\">Email<\/label><input type=\"text\" name=\"wpforms[hp]\" id=\"wpforms-1929-field-hp\" class=\"wpforms-field-medium\"><\/div><div class=\"wpforms-submit-container\" ><input type=\"hidden\" name=\"wpforms[id]\" value=\"1929\"><input type=\"hidden\" name=\"page_title\" value=\"\"><input type=\"hidden\" name=\"page_url\" value=\"http:\/\/www.kaouet.com\/leblog\/index.php?rest_route=\/wp\/v2\/pages\/34\"><button type=\"submit\" name=\"wpforms[submit]\" id=\"wpforms-submit-1929\" class=\"wpforms-submit\" data-alt-text=\"Envoi...\" data-submit-text=\"Envoyer\" aria-live=\"assertive\" value=\"wpforms-submit\">Envoyer<\/button><\/div><\/form><\/div>  <!-- .wpforms-container -->\n","protected":false},"excerpt":{"rendered":"<p>Des questions ? Une commande d&rsquo;illustration ? Un scenario ou un projet \u00e0 me proposer ? Un petit mot ? Remplissez le formulaire ci-dessous, merci ; je r\u00e9pondrai \u00e0 votre requ\u00eate dans les plus brefs d\u00e9lais.<\/p>\n","protected":false},"author":1,"featured_media":0,"parent":0,"menu_order":0,"comment_status":"closed","ping_status":"closed","template":"","meta":{"_monsterinsights_skip_tracking":false,"_monsterinsights_sitenote_active":false,"_monsterinsights_sitenote_note":"","_monsterinsights_sitenote_category":0,"footnotes":""},"class_list":["post-34","page","type-page","status-publish","hentry"],"_links":{"self":[{"href":"http:\/\/www.kaouet.com\/leblog\/index.php?rest_route=\/wp\/v2\/pages\/34","targetHints":{"allow":["GET"]}}],"collection":[{"href":"http:\/\/www.kaouet.com\/leblog\/index.php?rest_route=\/wp\/v2\/pages"}],"about":[{"href":"http:\/\/www.kaouet.com\/leblog\/index.php?rest_route=\/wp\/v2\/types\/page"}],"author":[{"embeddable":true,"href":"http:\/\/www.kaouet.com\/leblog\/index.php?rest_route=\/wp\/v2\/users\/1"}],"replies":[{"embeddable":true,"href":"http:\/\/www.kaouet.com\/leblog\/index.php?rest_route=%2Fwp%2Fv2%2Fcomments&post=34"}],"version-history":[{"count":11,"href":"http:\/\/www.kaouet.com\/leblog\/index.php?rest_route=\/wp\/v2\/pages\/34\/revisions"}],"predecessor-version":[{"id":1932,"href":"http:\/\/www.kaouet.com\/leblog\/index.php?rest_route=\/wp\/v2\/pages\/34\/revisions\/1932"}],"wp:attachment":[{"href":"http:\/\/www.kaouet.com\/leblog\/index.php?rest_route=%2Fwp%2Fv2%2Fmedia&parent=34"}],"curies":[{"name":"wp","href":"https:\/\/api.w.org\/{rel}","templated":true}]}}