{"id":9,"date":"2010-09-27T12:17:59","date_gmt":"2010-09-27T10:17:59","guid":{"rendered":"http:\/\/www.kaouet.com\/leblog\/?page_id=9"},"modified":"2020-04-06T11:18:19","modified_gmt":"2020-04-06T09:18:19","slug":"traces-darachides","status":"publish","type":"page","link":"http:\/\/www.kaouet.com\/leblog\/?page_id=9","title":{"rendered":"Publications"},"content":{"rendered":"\n<div class=\"wp-block-group is-layout-flow wp-block-group-is-layout-flow\"><div class=\"wp-block-group__inner-container\"><\/div><\/div>\n\n\n\n<h2 class=\"wp-block-heading\"> IND\u00c9PENDANTES <\/h2>\n\n\n\n<p><br \/><strong>Publications collectives<\/strong> &#8211; <strong>Association NEKOMIX<\/strong> : <\/p>\n\n\n\n<p>\u2022 <strong><a href=\"http:\/\/nekomix.com\/nekomix-10-futur\/\">Nekomix 10 <\/a><\/strong>: Le futur \/\/ Sept. 2018, 11 pages &#8211; sc\u00e9nario : Gigi<br \/>\u2022 <a rel=\"noreferrer noopener\" href=\"http:\/\/nekomix.com\/circus\/\" target=\"_blank\"><strong> CIRCUS :<\/strong> <\/a> Hors-s\u00e9rie \/\/Janvier 2017,  couverture + 20 pages (Sc\u00e9nario : Sam)<br \/> + 1 sc\u00e9nario, dessin\u00e9 par Yao &amp; co-r\u00e9dactrice avec Amandine et Drac.<br \/>\u2022 <strong><a rel=\"noreferrer noopener\" href=\"http:\/\/nekomix.com\/nekomix-9-mythologie\/\" target=\"_blank\">Nekomix 9 : <\/a><\/strong>sp\u00e9cial Mythologie \/\/ Janvier 2014, 5 pages- sc\u00e9nario : Salva<br \/>\u2022<a rel=\"noreferrer noopener\" href=\"http:\/\/nekomix.com\/soupir-4\/\" target=\"_blank\"> <strong>Soupir Vol.4<\/strong><\/a><strong> <\/strong>: Octobre 2014, 9 pages &#8211; sc\u00e9nario : Screamy<br \/>\u2022 <a rel=\"noreferrer noopener\" href=\"http:\/\/nekomix.com\/soupir-3\/\" target=\"_blank\"><strong>Soupir Vol.3 <\/strong>:<\/a> Octobre 2012, 5 pages &#8211; sc\u00e9nario : Aka<br \/><br \/><\/p>\n\n\n\n<figure class=\"wp-block-gallery aligncenter columns-5 wp-block-gallery-1 is-layout-flex wp-block-gallery-is-layout-flex\"><ul class=\"blocks-gallery-grid\"><li class=\"blocks-gallery-item\"><figure><img loading=\"lazy\" decoding=\"async\" width=\"247\" height=\"350\" src=\"http:\/\/www.kaouet.com\/leblog\/wp-content\/uploads\/2020\/04\/Neko10.jpg\" alt=\"\" data-id=\"1975\" data-full-url=\"http:\/\/www.kaouet.com\/leblog\/wp-content\/uploads\/2020\/04\/Neko10.jpg\" data-link=\"http:\/\/www.kaouet.com\/leblog\/?attachment_id=1975\" class=\"wp-image-1975\" srcset=\"http:\/\/www.kaouet.com\/leblog\/wp-content\/uploads\/2020\/04\/Neko10.jpg 247w, http:\/\/www.kaouet.com\/leblog\/wp-content\/uploads\/2020\/04\/Neko10-212x300.jpg 212w\" sizes=\"auto, (max-width: 247px) 100vw, 247px\" \/><figcaption class=\"blocks-gallery-item__caption\">Sept. 2018<\/figcaption><\/figure><\/li><li class=\"blocks-gallery-item\"><figure><img loading=\"lazy\" decoding=\"async\" width=\"250\" height=\"350\" src=\"http:\/\/www.kaouet.com\/leblog\/wp-content\/uploads\/2020\/04\/NekoCircus.jpg\" alt=\"\" data-id=\"1976\" data-full-url=\"http:\/\/www.kaouet.com\/leblog\/wp-content\/uploads\/2020\/04\/NekoCircus.jpg\" data-link=\"http:\/\/www.kaouet.com\/leblog\/?attachment_id=1976\" class=\"wp-image-1976\" srcset=\"http:\/\/www.kaouet.com\/leblog\/wp-content\/uploads\/2020\/04\/NekoCircus.jpg 250w, http:\/\/www.kaouet.com\/leblog\/wp-content\/uploads\/2020\/04\/NekoCircus-214x300.jpg 214w\" sizes=\"auto, (max-width: 250px) 100vw, 250px\" \/><figcaption class=\"blocks-gallery-item__caption\">Janvier 2017 <\/figcaption><\/figure><\/li><li class=\"blocks-gallery-item\"><figure><img loading=\"lazy\" decoding=\"async\" width=\"247\" height=\"350\" src=\"http:\/\/www.kaouet.com\/leblog\/wp-content\/uploads\/2020\/04\/Neko9.jpg\" alt=\"\" data-id=\"1974\" data-full-url=\"http:\/\/www.kaouet.com\/leblog\/wp-content\/uploads\/2020\/04\/Neko9.jpg\" data-link=\"http:\/\/www.kaouet.com\/leblog\/?attachment_id=1974\" class=\"wp-image-1974\" srcset=\"http:\/\/www.kaouet.com\/leblog\/wp-content\/uploads\/2020\/04\/Neko9.jpg 247w, http:\/\/www.kaouet.com\/leblog\/wp-content\/uploads\/2020\/04\/Neko9-212x300.jpg 212w\" sizes=\"auto, (max-width: 247px) 100vw, 247px\" \/><figcaption class=\"blocks-gallery-item__caption\">Janvier 2014<\/figcaption><\/figure><\/li><li class=\"blocks-gallery-item\"><figure><img loading=\"lazy\" decoding=\"async\" width=\"254\" height=\"350\" src=\"http:\/\/www.kaouet.com\/leblog\/wp-content\/uploads\/2020\/04\/NekoSoupir4.jpg\" alt=\"\" data-id=\"1978\" data-full-url=\"http:\/\/www.kaouet.com\/leblog\/wp-content\/uploads\/2020\/04\/NekoSoupir4.jpg\" data-link=\"http:\/\/www.kaouet.com\/leblog\/?attachment_id=1978\" class=\"wp-image-1978\" srcset=\"http:\/\/www.kaouet.com\/leblog\/wp-content\/uploads\/2020\/04\/NekoSoupir4.jpg 254w, http:\/\/www.kaouet.com\/leblog\/wp-content\/uploads\/2020\/04\/NekoSoupir4-218x300.jpg 218w\" sizes=\"auto, (max-width: 254px) 100vw, 254px\" \/><figcaption class=\"blocks-gallery-item__caption\">Octobre 2014<\/figcaption><\/figure><\/li><li class=\"blocks-gallery-item\"><figure><img loading=\"lazy\" decoding=\"async\" width=\"247\" height=\"350\" src=\"http:\/\/www.kaouet.com\/leblog\/wp-content\/uploads\/2020\/04\/NekoSoupir3.jpg\" alt=\"\" data-id=\"1977\" data-full-url=\"http:\/\/www.kaouet.com\/leblog\/wp-content\/uploads\/2020\/04\/NekoSoupir3.jpg\" data-link=\"http:\/\/www.kaouet.com\/leblog\/?attachment_id=1977\" class=\"wp-image-1977\" srcset=\"http:\/\/www.kaouet.com\/leblog\/wp-content\/uploads\/2020\/04\/NekoSoupir3.jpg 247w, http:\/\/www.kaouet.com\/leblog\/wp-content\/uploads\/2020\/04\/NekoSoupir3-212x300.jpg 212w\" sizes=\"auto, (max-width: 247px) 100vw, 247px\" \/><figcaption class=\"blocks-gallery-item__caption\"> Octobre 2012<\/figcaption><\/figure><\/li><\/ul><figcaption class=\"blocks-gallery-caption\"><br \/><\/figcaption><\/figure>\n\n\n\n<p><strong>Autres collectifs : <\/strong><\/p>\n\n\n\n<p>\u2022 <strong>magazine Rien \u00e0 Voir : <\/strong>Fanzine 2006 &#8211; 2016<br \/>\u2022 <strong>17<\/strong> <strong>MAi :<\/strong> collectif contre l&rsquo;homophobie &#8211; Editions Des ailes sur un tracteur  &#8211; 2013<br \/>\u2022 <strong>Revoil\u00e0 Popeye <\/strong>: \u00c9ditions Onapratut ( sc\u00e9nario Wayne) &#8211; 2012<br \/>\u2022 <strong>Le dico des blogs BD : <\/strong>\u00c9ditions Foolstrip<br \/>\u2022 <strong>Marula : <\/strong>Collectif La Fraktory 2009<br \/>\u2022 <strong>Qu&rsquo;est-ce qui te fait peur ? : <\/strong> \u00c9ditions Onapratut 2008<br \/><\/p>\n\n\n\n<figure class=\"wp-block-gallery columns-3 wp-block-gallery-2 is-layout-flex wp-block-gallery-is-layout-flex\"><ul class=\"blocks-gallery-grid\"><li class=\"blocks-gallery-item\"><figure><img loading=\"lazy\" decoding=\"async\" width=\"247\" height=\"350\" src=\"http:\/\/www.kaouet.com\/leblog\/wp-content\/uploads\/2020\/04\/ravCouv.jpg\" alt=\"\" data-id=\"1985\" data-full-url=\"http:\/\/www.kaouet.com\/leblog\/wp-content\/uploads\/2020\/04\/ravCouv.jpg\" data-link=\"http:\/\/www.kaouet.com\/leblog\/?attachment_id=1985\" class=\"wp-image-1985\" srcset=\"http:\/\/www.kaouet.com\/leblog\/wp-content\/uploads\/2020\/04\/ravCouv.jpg 247w, http:\/\/www.kaouet.com\/leblog\/wp-content\/uploads\/2020\/04\/ravCouv-212x300.jpg 212w\" sizes=\"auto, (max-width: 247px) 100vw, 247px\" \/><figcaption class=\"blocks-gallery-item__caption\">Fanzine- Association RAV<\/figcaption><\/figure><\/li><li class=\"blocks-gallery-item\"><figure><img loading=\"lazy\" decoding=\"async\" width=\"247\" height=\"350\" src=\"http:\/\/www.kaouet.com\/leblog\/wp-content\/uploads\/2020\/04\/17Mai.jpg\" alt=\"\" data-id=\"1980\" data-full-url=\"http:\/\/www.kaouet.com\/leblog\/wp-content\/uploads\/2020\/04\/17Mai.jpg\" data-link=\"http:\/\/www.kaouet.com\/leblog\/?attachment_id=1980\" class=\"wp-image-1980\" srcset=\"http:\/\/www.kaouet.com\/leblog\/wp-content\/uploads\/2020\/04\/17Mai.jpg 247w, http:\/\/www.kaouet.com\/leblog\/wp-content\/uploads\/2020\/04\/17Mai-212x300.jpg 212w\" sizes=\"auto, (max-width: 247px) 100vw, 247px\" \/><\/figure><\/li><li class=\"blocks-gallery-item\"><figure><img loading=\"lazy\" decoding=\"async\" width=\"285\" height=\"233\" src=\"http:\/\/www.kaouet.com\/leblog\/wp-content\/uploads\/2020\/04\/Onap_Popeye.jpg\" alt=\"\" data-id=\"1983\" data-full-url=\"http:\/\/www.kaouet.com\/leblog\/wp-content\/uploads\/2020\/04\/Onap_Popeye.jpg\" data-link=\"http:\/\/www.kaouet.com\/leblog\/?attachment_id=1983\" class=\"wp-image-1983\"\/><figcaption class=\"blocks-gallery-item__caption\">\u00c9ditions Onapratut<\/figcaption><\/figure><\/li><li class=\"blocks-gallery-item\"><figure><img loading=\"lazy\" decoding=\"async\" width=\"285\" height=\"202\" src=\"http:\/\/www.kaouet.com\/leblog\/wp-content\/uploads\/2020\/04\/Dicodesblogs.jpg\" alt=\"\" data-id=\"1981\" data-full-url=\"http:\/\/www.kaouet.com\/leblog\/wp-content\/uploads\/2020\/04\/Dicodesblogs.jpg\" data-link=\"http:\/\/www.kaouet.com\/leblog\/?attachment_id=1981\" class=\"wp-image-1981\"\/><figcaption class=\"blocks-gallery-item__caption\">\u00c9ditions Foolstrip<\/figcaption><\/figure><\/li><li class=\"blocks-gallery-item\"><figure><img loading=\"lazy\" decoding=\"async\" width=\"272\" height=\"350\" src=\"http:\/\/www.kaouet.com\/leblog\/wp-content\/uploads\/2020\/04\/Marula.jpg\" alt=\"\" data-id=\"1982\" data-full-url=\"http:\/\/www.kaouet.com\/leblog\/wp-content\/uploads\/2020\/04\/Marula.jpg\" data-link=\"http:\/\/www.kaouet.com\/leblog\/?attachment_id=1982\" class=\"wp-image-1982\" srcset=\"http:\/\/www.kaouet.com\/leblog\/wp-content\/uploads\/2020\/04\/Marula.jpg 272w, http:\/\/www.kaouet.com\/leblog\/wp-content\/uploads\/2020\/04\/Marula-233x300.jpg 233w\" sizes=\"auto, (max-width: 272px) 100vw, 272px\" \/><figcaption class=\"blocks-gallery-item__caption\">Collectif La Fraktory<\/figcaption><\/figure><\/li><li class=\"blocks-gallery-item\"><figure><img loading=\"lazy\" decoding=\"async\" width=\"247\" height=\"350\" src=\"http:\/\/www.kaouet.com\/leblog\/wp-content\/uploads\/2020\/04\/Onap1.jpg\" alt=\"\" data-id=\"1984\" data-full-url=\"http:\/\/www.kaouet.com\/leblog\/wp-content\/uploads\/2020\/04\/Onap1.jpg\" data-link=\"http:\/\/www.kaouet.com\/leblog\/?attachment_id=1984\" class=\"wp-image-1984\" srcset=\"http:\/\/www.kaouet.com\/leblog\/wp-content\/uploads\/2020\/04\/Onap1.jpg 247w, http:\/\/www.kaouet.com\/leblog\/wp-content\/uploads\/2020\/04\/Onap1-212x300.jpg 212w\" sizes=\"auto, (max-width: 247px) 100vw, 247px\" \/><figcaption class=\"blocks-gallery-item__caption\">\u00c9ditions Onapratut<\/figcaption><\/figure><\/li><\/ul><\/figure>\n\n\n\n<p><\/p>\n","protected":false},"excerpt":{"rendered":"<p>IND\u00c9PENDANTES Publications collectives &#8211; Association NEKOMIX : \u2022 Nekomix 10 : Le futur \/\/ Sept. 2018, 11 pages &#8211; sc\u00e9nario : Gigi\u2022 CIRCUS : Hors-s\u00e9rie \/\/Janvier 2017, couverture + 20 pages (Sc\u00e9nario : Sam) + 1 sc\u00e9nario, dessin\u00e9 par Yao &hellip; <a href=\"http:\/\/www.kaouet.com\/leblog\/?page_id=9\">Continuer la lecture <span class=\"meta-nav\">&rarr;<\/span><\/a><\/p>\n","protected":false},"author":1,"featured_media":0,"parent":0,"menu_order":0,"comment_status":"closed","ping_status":"open","template":"","meta":{"_monsterinsights_skip_tracking":false,"_monsterinsights_sitenote_active":false,"_monsterinsights_sitenote_note":"","_monsterinsights_sitenote_category":0,"footnotes":""},"class_list":["post-9","page","type-page","status-publish","hentry"],"_links":{"self":[{"href":"http:\/\/www.kaouet.com\/leblog\/index.php?rest_route=\/wp\/v2\/pages\/9","targetHints":{"allow":["GET"]}}],"collection":[{"href":"http:\/\/www.kaouet.com\/leblog\/index.php?rest_route=\/wp\/v2\/pages"}],"about":[{"href":"http:\/\/www.kaouet.com\/leblog\/index.php?rest_route=\/wp\/v2\/types\/page"}],"author":[{"embeddable":true,"href":"http:\/\/www.kaouet.com\/leblog\/index.php?rest_route=\/wp\/v2\/users\/1"}],"replies":[{"embeddable":true,"href":"http:\/\/www.kaouet.com\/leblog\/index.php?rest_route=%2Fwp%2Fv2%2Fcomments&post=9"}],"version-history":[{"count":43,"href":"http:\/\/www.kaouet.com\/leblog\/index.php?rest_route=\/wp\/v2\/pages\/9\/revisions"}],"predecessor-version":[{"id":1997,"href":"http:\/\/www.kaouet.com\/leblog\/index.php?rest_route=\/wp\/v2\/pages\/9\/revisions\/1997"}],"wp:attachment":[{"href":"http:\/\/www.kaouet.com\/leblog\/index.php?rest_route=%2Fwp%2Fv2%2Fmedia&parent=9"}],"curies":[{"name":"wp","href":"https:\/\/api.w.org\/{rel}","templated":true}]}}